{"id":16293,"date":"2025-11-04T19:55:27","date_gmt":"2025-11-04T19:55:27","guid":{"rendered":"https:\/\/city-whisky.ch\/?page_id=16293"},"modified":"2026-02-15T14:13:35","modified_gmt":"2026-02-15T14:13:35","slug":"impressum","status":"publish","type":"page","link":"https:\/\/city-whisky.ch\/en\/impressum\/","title":{"rendered":"Impressum"},"content":{"rendered":"<div data-elementor-type=\"wp-page\" data-elementor-id=\"16293\" class=\"elementor elementor-16293\" data-elementor-post-type=\"page\">\n\t\t\t\t<div class=\"elementor-element elementor-element-da2dfbe e-flex e-con-boxed e-con e-parent\" data-id=\"da2dfbe\" data-element_type=\"container\" data-e-type=\"container\">\n\t\t\t\t\t<div class=\"e-con-inner\">\n\t\t\t\t<div class=\"elementor-element elementor-element-ac6e45a elementor-widget elementor-widget-text-editor\" data-id=\"ac6e45a\" data-element_type=\"widget\" data-e-type=\"widget\" data-widget_type=\"text-editor.default\">\n\t\t\t\t\t\t\t\t\t<p>(Stand: Dezember 2025)<\/p><h2>Verantwortlich f\u00fcr den Inhalt<\/h2><p>City-Whisky St. Gallen<br \/>Thomas R\u00fctsche<br \/>Winkelwiesenweg 1<br \/>9306 Freidorf TG<\/p><h2>Kontakt<\/h2><p>Telefon: +41 71 450 01 58 <br \/>E-Mail: info@city-whisky.ch<br \/>Web: https:\/\/city-whisky.ch<\/p><h2>Was wir bieten<\/h2><ul><li>Eigener Webshop im Bereich Whisky, Tequila und Mezcal<\/li><li>Verkaufsberatung im Bereich Whisky, Tequila und Mezcal<\/li><li>Durchf\u00fchrung von ausw\u00e4rtigen Tastings (wir sind mobil und besitzen notwendiges Equipment f\u00fcr ausw\u00e4rtige Degustationen)<\/li><\/ul><h2>Haftungsausschluss<\/h2><p>Die Inhalte dieser Website wurden mit gr\u00f6sstm\u00f6glicher Sorgfalt erstellt.<br \/>F\u00fcr die Richtigkeit, Vollst\u00e4ndigkeit und Aktualit\u00e4t der Inhalte wird keine Gew\u00e4hr \u00fcbernommen. Alle Angebote sind unverbindlich und k\u00f6nnen jederzeit ge\u00e4ndert oder gel\u00f6scht werden.<\/p><h2>Haftung f\u00fcr Links<\/h2><p>Verweise und Links auf Websites Dritter liegen ausserhalb unseres Verantwortungsbereichs.<br \/>F\u00fcr solche Websites wird jegliche Verantwortung abgelehnt. Der Zugriff und die Nutzung erfolgen auf eigene Gefahr der Nutzerinnen und Nutzer.<\/p><h2>Urheberrecht<\/h2><p>Die auf dieser Website ver\u00f6ffentlichten Inhalte, Bilder und Werke unterliegen dem schweizerischen Urheberrecht. Jede Verwendung ausserhalb der gesetzlich zul\u00e4ssigen F\u00e4lle bedarf der vorherigen schriftlichen Zustimmung der Rechteinhaberin bzw. des Rechteinhabers.<\/p><h2>Bildnachweise<\/h2><p>Die auf dieser Webseite genutzten Bilder sind Eigentum von city-whisky.ch.<\/p><h2>Hosting &amp; technische Umsetzung<\/h2><p>Die Webseite wurde durch <a href=\"https:\/\/hostinguniversum.com\" target=\"_blank\" rel=\"noopener\">Hosting Universum<\/a> im Rahmen des All-in-One Angebots erstellt.<\/p><h2>Datenschutz<\/h2><p>Informationen zum Datenschutz k\u00f6nnen in unserer\u00a0<a href=\"https:\/\/city-whisky.ch\/en\/datenschutzerklaerung\/\">Datenschutzerkl\u00e4rung<\/a>\u00a0eingesehen werden.<\/p>\t\t\t\t\t\t\t\t<\/div>\n\t\t\t\t\t<\/div>\n\t\t\t\t<\/div>\n\t\t\t\t<\/div>","protected":false},"excerpt":{"rendered":"<p>(Stand: Dezember 2025) Verantwortlich f\u00fcr den Inhalt City-Whisky St. GallenThomas R\u00fctscheWinkelwiesenweg 19306 Freidorf TG Kontakt Telefon: +41 71 450 01 58 E-Mail: info@city-whisky.chWeb: https:\/\/city-whisky.ch Was wir bieten Eigener Webshop im Bereich Whisky, Tequila und Mezcal Verkaufsberatung im Bereich Whisky, Tequila und Mezcal Durchf\u00fchrung von ausw\u00e4rtigen Tastings (wir sind mobil und besitzen notwendiges Equipment f\u00fcr ausw\u00e4rtige&hellip;<\/p>","protected":false},"author":1,"featured_media":0,"parent":0,"menu_order":0,"comment_status":"closed","ping_status":"closed","template":"","meta":{"footnotes":""},"class_list":["post-16293","page","type-page","status-publish","hentry"],"yoast_head":"<!-- This site is optimized with the Yoast SEO plugin v26.9 - https:\/\/yoast.com\/product\/yoast-seo-wordpress\/ -->\n<title>Impressum - city-whisky.ch<\/title>\n<meta name=\"robots\" content=\"index, follow, max-snippet:-1, max-image-preview:large, max-video-preview:-1\" \/>\n<link rel=\"canonical\" href=\"https:\/\/city-whisky.ch\/en\/impressum\/\" \/>\n<meta property=\"og:locale\" content=\"en_GB\" \/>\n<meta property=\"og:type\" content=\"article\" \/>\n<meta property=\"og:title\" content=\"Impressum - city-whisky.ch\" \/>\n<meta property=\"og:description\" content=\"(Stand: Dezember 2025) Verantwortlich f\u00fcr den Inhalt City-Whisky St. GallenThomas R\u00fctscheWinkelwiesenweg 19306 Freidorf TG Kontakt Telefon: +41 71 450 01 58 E-Mail: info@city-whisky.chWeb: https:\/\/city-whisky.ch Was wir bieten Eigener Webshop im Bereich Whisky, Tequila und Mezcal Verkaufsberatung im Bereich Whisky, Tequila und Mezcal Durchf\u00fchrung von ausw\u00e4rtigen Tastings (wir sind mobil und besitzen notwendiges Equipment f\u00fcr ausw\u00e4rtige&hellip;\" \/>\n<meta property=\"og:url\" content=\"https:\/\/city-whisky.ch\/en\/impressum\/\" \/>\n<meta property=\"og:site_name\" content=\"city-whisky.ch\" \/>\n<meta property=\"article:modified_time\" content=\"2026-02-15T14:13:35+00:00\" \/>\n<meta name=\"twitter:card\" content=\"summary_large_image\" \/>\n<meta name=\"twitter:label1\" content=\"Estimated reading time\" \/>\n\t<meta name=\"twitter:data1\" content=\"2 minutes\" \/>\n<script type=\"application\/ld+json\" class=\"yoast-schema-graph\">{\"@context\":\"https:\/\/schema.org\",\"@graph\":[{\"@type\":\"WebPage\",\"@id\":\"https:\/\/city-whisky.ch\/impressum\/\",\"url\":\"https:\/\/city-whisky.ch\/impressum\/\",\"name\":\"Impressum - city-whisky.ch\",\"isPartOf\":{\"@id\":\"https:\/\/city-whisky.ch\/#website\"},\"datePublished\":\"2025-11-04T19:55:27+00:00\",\"dateModified\":\"2026-02-15T14:13:35+00:00\",\"breadcrumb\":{\"@id\":\"https:\/\/city-whisky.ch\/impressum\/#breadcrumb\"},\"inLanguage\":\"en-GB\",\"potentialAction\":[{\"@type\":\"ReadAction\",\"target\":[\"https:\/\/city-whisky.ch\/impressum\/\"]}]},{\"@type\":\"BreadcrumbList\",\"@id\":\"https:\/\/city-whisky.ch\/impressum\/#breadcrumb\",\"itemListElement\":[{\"@type\":\"ListItem\",\"position\":1,\"name\":\"Start\",\"item\":\"https:\/\/city-whisky.ch\/\"},{\"@type\":\"ListItem\",\"position\":2,\"name\":\"Impressum\"}]},{\"@type\":\"WebSite\",\"@id\":\"https:\/\/city-whisky.ch\/#website\",\"url\":\"https:\/\/city-whisky.ch\/\",\"name\":\"city-whisky.ch\",\"description\":\"Exklusive Whiskys aus aller Welt \u2013 entdecken und geniessen.\",\"publisher\":{\"@id\":\"https:\/\/city-whisky.ch\/#organization\"},\"potentialAction\":[{\"@type\":\"SearchAction\",\"target\":{\"@type\":\"EntryPoint\",\"urlTemplate\":\"https:\/\/city-whisky.ch\/?s={search_term_string}\"},\"query-input\":{\"@type\":\"PropertyValueSpecification\",\"valueRequired\":true,\"valueName\":\"search_term_string\"}}],\"inLanguage\":\"en-GB\"},{\"@type\":\"Organization\",\"@id\":\"https:\/\/city-whisky.ch\/#organization\",\"name\":\"city-whisky.ch\",\"url\":\"https:\/\/city-whisky.ch\/\",\"logo\":{\"@type\":\"ImageObject\",\"inLanguage\":\"en-GB\",\"@id\":\"https:\/\/city-whisky.ch\/#\/schema\/logo\/image\/\",\"url\":\"https:\/\/city-whisky.ch\/wp-content\/uploads\/2025\/11\/city-whisky-logo_main.webp\",\"contentUrl\":\"https:\/\/city-whisky.ch\/wp-content\/uploads\/2025\/11\/city-whisky-logo_main.webp\",\"width\":512,\"height\":600,\"caption\":\"city-whisky.ch\"},\"image\":{\"@id\":\"https:\/\/city-whisky.ch\/#\/schema\/logo\/image\/\"}}]}<\/script>\n<!-- \/ Yoast SEO plugin. -->","yoast_head_json":{"title":"Impressum - city-whisky.ch","robots":{"index":"index","follow":"follow","max-snippet":"max-snippet:-1","max-image-preview":"max-image-preview:large","max-video-preview":"max-video-preview:-1"},"canonical":"https:\/\/city-whisky.ch\/en\/impressum\/","og_locale":"en_GB","og_type":"article","og_title":"Impressum - city-whisky.ch","og_description":"(Stand: Dezember 2025) Verantwortlich f\u00fcr den Inhalt City-Whisky St. GallenThomas R\u00fctscheWinkelwiesenweg 19306 Freidorf TG Kontakt Telefon: +41 71 450 01 58 E-Mail: info@city-whisky.chWeb: https:\/\/city-whisky.ch Was wir bieten Eigener Webshop im Bereich Whisky, Tequila und Mezcal Verkaufsberatung im Bereich Whisky, Tequila und Mezcal Durchf\u00fchrung von ausw\u00e4rtigen Tastings (wir sind mobil und besitzen notwendiges Equipment f\u00fcr ausw\u00e4rtige&hellip;","og_url":"https:\/\/city-whisky.ch\/en\/impressum\/","og_site_name":"city-whisky.ch","article_modified_time":"2026-02-15T14:13:35+00:00","twitter_card":"summary_large_image","twitter_misc":{"Estimated reading time":"2 minutes"},"schema":{"@context":"https:\/\/schema.org","@graph":[{"@type":"WebPage","@id":"https:\/\/city-whisky.ch\/impressum\/","url":"https:\/\/city-whisky.ch\/impressum\/","name":"Impressum - city-whisky.ch","isPartOf":{"@id":"https:\/\/city-whisky.ch\/#website"},"datePublished":"2025-11-04T19:55:27+00:00","dateModified":"2026-02-15T14:13:35+00:00","breadcrumb":{"@id":"https:\/\/city-whisky.ch\/impressum\/#breadcrumb"},"inLanguage":"en-GB","potentialAction":[{"@type":"ReadAction","target":["https:\/\/city-whisky.ch\/impressum\/"]}]},{"@type":"BreadcrumbList","@id":"https:\/\/city-whisky.ch\/impressum\/#breadcrumb","itemListElement":[{"@type":"ListItem","position":1,"name":"Start","item":"https:\/\/city-whisky.ch\/"},{"@type":"ListItem","position":2,"name":"Impressum"}]},{"@type":"WebSite","@id":"https:\/\/city-whisky.ch\/#website","url":"https:\/\/city-whisky.ch\/","name":"city-whisky.ch","description":"Exklusive Whiskys aus aller Welt \u2013 entdecken und geniessen.","publisher":{"@id":"https:\/\/city-whisky.ch\/#organization"},"potentialAction":[{"@type":"SearchAction","target":{"@type":"EntryPoint","urlTemplate":"https:\/\/city-whisky.ch\/?s={search_term_string}"},"query-input":{"@type":"PropertyValueSpecification","valueRequired":true,"valueName":"search_term_string"}}],"inLanguage":"en-GB"},{"@type":"Organization","@id":"https:\/\/city-whisky.ch\/#organization","name":"city-whisky.ch","url":"https:\/\/city-whisky.ch\/","logo":{"@type":"ImageObject","inLanguage":"en-GB","@id":"https:\/\/city-whisky.ch\/#\/schema\/logo\/image\/","url":"https:\/\/city-whisky.ch\/wp-content\/uploads\/2025\/11\/city-whisky-logo_main.webp","contentUrl":"https:\/\/city-whisky.ch\/wp-content\/uploads\/2025\/11\/city-whisky-logo_main.webp","width":512,"height":600,"caption":"city-whisky.ch"},"image":{"@id":"https:\/\/city-whisky.ch\/#\/schema\/logo\/image\/"}}]}},"_links":{"self":[{"href":"https:\/\/city-whisky.ch\/en\/wp-json\/wp\/v2\/pages\/16293","targetHints":{"allow":["GET"]}}],"collection":[{"href":"https:\/\/city-whisky.ch\/en\/wp-json\/wp\/v2\/pages"}],"about":[{"href":"https:\/\/city-whisky.ch\/en\/wp-json\/wp\/v2\/types\/page"}],"author":[{"embeddable":true,"href":"https:\/\/city-whisky.ch\/en\/wp-json\/wp\/v2\/users\/1"}],"replies":[{"embeddable":true,"href":"https:\/\/city-whisky.ch\/en\/wp-json\/wp\/v2\/comments?post=16293"}],"version-history":[{"count":22,"href":"https:\/\/city-whisky.ch\/en\/wp-json\/wp\/v2\/pages\/16293\/revisions"}],"predecessor-version":[{"id":16956,"href":"https:\/\/city-whisky.ch\/en\/wp-json\/wp\/v2\/pages\/16293\/revisions\/16956"}],"wp:attachment":[{"href":"https:\/\/city-whisky.ch\/en\/wp-json\/wp\/v2\/media?parent=16293"}],"curies":[{"name":"wp","href":"https:\/\/api.w.org\/{rel}","templated":true}]}}