{"id":16295,"date":"2025-11-04T19:55:50","date_gmt":"2025-11-04T19:55:50","guid":{"rendered":"https:\/\/city-whisky.ch\/?page_id=16295"},"modified":"2026-02-15T14:02:59","modified_gmt":"2026-02-15T14:02:59","slug":"agb","status":"publish","type":"page","link":"https:\/\/city-whisky.ch\/en\/agb\/","title":{"rendered":"AGB"},"content":{"rendered":"<div data-elementor-type=\"wp-page\" data-elementor-id=\"16295\" class=\"elementor elementor-16295\" data-elementor-post-type=\"page\">\n\t\t\t\t<div class=\"elementor-element elementor-element-dbb6784 e-flex e-con-boxed e-con e-parent\" data-id=\"dbb6784\" data-element_type=\"container\" data-e-type=\"container\">\n\t\t\t\t\t<div class=\"e-con-inner\">\n\t\t\t\t<div class=\"elementor-element elementor-element-8da1934 elementor-widget elementor-widget-spacer\" data-id=\"8da1934\" data-element_type=\"widget\" data-e-type=\"widget\" data-widget_type=\"spacer.default\">\n\t\t\t\t\t\t\t<div class=\"elementor-spacer\">\n\t\t\t<div class=\"elementor-spacer-inner\"><\/div>\n\t\t<\/div>\n\t\t\t\t\t\t<\/div>\n\t\t\t\t<div class=\"elementor-element elementor-element-8c0da32 elementor-widget elementor-widget-text-editor\" data-id=\"8c0da32\" data-element_type=\"widget\" data-e-type=\"widget\" data-widget_type=\"text-editor.default\">\n\t\t\t\t\t\t\t\t\t<p><strong>Allgemeine Gesch\u00e4ftsbedingungen \u2013 City Whisky St.Gallen<\/strong><\/p><p><strong>Altersbeschr\u00e4nkung:<\/strong><\/p><p>Jeder Kunde und jede Kundin muss ein Mindestalter von 18 Jahren aufweisen. Wir verkaufen keinerlei Waren an Personen, die dieses Alter noch nicht erreicht haben. Bei Zuwiderhandlungen lehnen wir jede Haftung ab.<\/p><p><strong>Verkaufsbeschr\u00e4nkungen:<\/strong><\/p><p>Auch wenn Bestellungen im Online-Shop m\u00f6glich sind, behalten wir uns vor, Lieferungen ohne Angabe von Gr\u00fcnden mengenm\u00e4ssig zu beschr\u00e4nken oder gar nicht auszuf\u00fchren. Schadenersatzforderungen, die direkt oder indirekt mit einer mengenm\u00e4ssig begrenzten Lieferung oder Nichtlieferung zusammenh\u00e4ngen, k\u00f6nnen nicht geltend gemacht werden. Bereits geleistete Zahlungen werden im Rahmen von Artikel 62 bis Artikel 67 des Schweizer Obligationenrechts (abgek\u00fcrzt: OR; SR 220) entsprechend r\u00fcckerstattet.<\/p><p>Verf\u00fcgbarkeits- und Sortiments\u00e4nderungen bleiben, wie Fehler und Irrtum bei Beschreibung, Bildern und Preisen der Artikel, in jedem Fall vorbehalten.<\/p><p><strong>Datenschutz:<\/strong><\/p><p>Pers\u00f6nliche Daten, welche zum Versand der Bestellung n\u00f6tig sind, werden von uns vertraulich behandelt und nicht an Dritte weitergegeben (mit Ausnahme des Transportdienstleisters). Sie erleichtern f\u00fcr sich und uns als wiederkehrender Kunde die Handhabung, wenn Sie sich im Bestellvorgang registrieren. Unsere Kunden haben bei entsprechender Registrierung Zugang zu ihren Kundendaten (Konto, Bestellungen etc.).<\/p><p><strong>Zahlungsbedingungen:<\/strong><\/p><p>S\u00e4mtliche Preise sind in Schweizer Franken (ohne MwSt, da wir nicht MwSt-pflichtig sind). Preis\u00e4nderungen irgendwelcher Art sind jederzeit m\u00f6glich und bed\u00fcrfen keiner Ank\u00fcndigung.<\/p><p>Wir bevorzugen Vorauszahlung und Bank\u00fcberweisung, akzeptieren aber auch Debit- oder Kreditkarten (MasterCard\/Visa\/Google Pay etc.) und TWINT. Bitte \u00fcberweisen Sie den Rechnungsbetrag bei Vorauszahlung auf unser Konto. Die Kontoangaben werden Ihnen mit der Bestellbest\u00e4tigung mitgeteilt. Sobald Ihre Zahlung bei uns eingegangen ist, werden wir Ihnen die bestellten Artikel zustellen. Auf Wunsch senden wir Ihnen im Voraus auch einen Einzahlungsschein zu.<br \/>Bei Kreditkartenzahlungen und TWINT fallen Geb\u00fchren an, welche wir Ihnen jedoch nicht weiterverrechnen. Die \u00dcbermittlung der Daten erfolgt in verschl\u00fcsselter Form. Die Lieferung erfolgt nur gegen Vorauszahlung. Lieferungen mit gleichzeitiger Rechnungsstellung ohne Vorauskasse erfolgen nur bei vorausgehender Absprache und Einwilligung von unserer Seite.<\/p><p><strong>Lieferbedingungen:<\/strong><\/p><p>Der Versand s\u00e4mtlicher Artikel erfolgt nur innerhalb der Schweiz oder des F\u00fcrstentum Liechtensteins. Lieferungen in andere L\u00e4nder erfolgen ausnahmsweise nur nach vorg\u00e4ngiger Absprache und Einwilligung von unserer Seite.<\/p><p>Bei der Versandart \u00abAbholung vor Ort\u00bb kann bei uns die Bestellung, nach vorg\u00e4ngiger Terminvereinbarung, am Gesch\u00e4ftssitz abgeholt werden: City Whisky St. Gallen, Winkelwiesenweg 1, 9306 Freidorf TG. Parkpl\u00e4tze sind vorhanden. Die Bushaltestelle \u00abBerg Seeblick\u00bb ist eine Gehminute von uns entfernt.<\/p><p>Verpackung und Versandgeb\u00fchren werden dem Kunden wie folgt belastet:<\/p><p>Pauschal CHF 10.00 \/ Kostenfrei ab CHF 150.00, ausgenommen sind folgende, abweichende Zusatzleistungen:<\/p><ul><li>PostPac Eco ohne Unterschrift (Paket nicht versichert \/ auf Risiko des Kunden): kein Aufpreis<\/li><li>PostPac Eco mit Unterschrift (Paket versichert bis CHF 1&#8217;500.00): Aufpreis CHF 2.00<\/li><li>PostPac Prio ohne Unterschrift (Paket nicht versichert \/ auf Risiko des Kunden): Aufpreis CHF 3.00<\/li><li>PostPac Prio mit Unterschrift (Paket versichert bis CHF 1&#8217;500.00): Aufpreis CHF 5.00<\/li><li>PostPac Prio mit Unterschrift Samstagzustellung (Paket versichert bis CHF 1&#8217;500.00): CHF 7.00<\/li><\/ul><p>Weitere Informationen siehe auch <a href=\"https:\/\/www.post.ch\/de\/pakete-versenden\/pakete-schweiz?utm_source=google&amp;utm_medium=cpc&amp;utm_campaign=ls_all&amp;utm_content=de_text&amp;utm_term=599845&amp;gclsrc=aw.ds&amp;gad_source=1&amp;gad_campaignid=747327804&amp;gclid=EAIaIQobChMItcKnurCjkQMVaqaDBx2CLinxEAAYASAAEgKeBPD_BwE\">Paketversand Post Schweiz<\/a>.<\/p><p>Der Versand erfolgt sofort nach Bestell- und Zahlungseingang, sp\u00e4testens am folgenden Werktag. <br \/>Die Zustellung erfolgt gem\u00e4ss gew\u00e4hlter Versandart.<\/p><p>Bei Zahlungseing\u00e4ngen ohne entsprechenden Bestellvorgang \u00fcber unseren Online-Shop sind wir nicht zur Lieferung verpflichtet. Eine Lieferung wird in diesem Fall abgekl\u00e4rt, bei Unm\u00f6glichkeit die Zahlung im Rahmen von Artikel 62 bis Artikel 67 OR entsprechend r\u00fcckerstattet. Erfolgt bei der gew\u00e4hlten Zahlungsart &#8222;Vorauskasse&#8220; kein Eingang des Rechnungsbetrags innerhalb von 14 Tagen, erachten wir den Auftrag als nichtig, l\u00f6schen den Bestelleingang und geben die Ware wieder frei.<\/p><p>Zustellungen an eine andere Lieferadresse sind m\u00f6glich und k\u00f6nnen direkt im Bestellvorgang erfasst werden.\u00a0<\/p><p><strong>Retouren \/ Umtausch \/ Transportprobleme:<\/strong><\/p><p>Die R\u00fcckgabe oder der Umtausch der Ware ist grunds\u00e4tzlich nicht m\u00f6glich. Verschlossene und unbesch\u00e4digte Ware kann gegen vorg\u00e4ngige Absprache und Einwilligung von unserer Seite zur\u00fcckgenommen werden. Wir \u00fcbernehmen keinerlei Kosten und Risiken, die aufgrund von Retouren entstehen und nicht mit uns abgesprochen sind.<\/p><p>Nutzen und Gefahr gehen nach Aufgabe des Pakets auf den K\u00e4ufer bzw. K\u00e4uferin \u00fcber. Es gibt die M\u00f6glichkeit die Lieferung zu versichern (siehe oben). Es k\u00f6nnen bei grossen Lieferungen gegen Aufpreis auch h\u00f6here Versicherungssummen abgeschlossen werden. Nehmen Sie diesbez\u00fcglich mit uns Kontakt auf. Allf\u00e4llige Besch\u00e4digungen (in der Regel Glasbruch) anl\u00e4sslich des Transports sind sofort bei Erhalt der Ware uns und der <a href=\"https:\/\/www.post.ch\/de\/pakete-versenden\/schaden-oder-verlust\">Schweizerischen Post zu melden<\/a> (Schadenprotokoll erstellen lassen). \u00dcbrige M\u00e4ngelr\u00fcgen sind innerhalb von f\u00fcnf Tagen nach Erhalt des Produkts schriftlich an uns zu richten. Ebenso bei nicht erfolgter Zustellung innerhalb der erwarteten Frist. Bei Lieferverz\u00f6gerungen hat der Kunde bzw. die Kundin keinen Anspruch auf Schadenersatz von unserer Seite. Besch\u00e4digte Flaschenverpackungen (Dellen in R\u00f6hren\/Kartons) berechtigen nicht zum Ersatz des Artikels.<\/p><p>Der Versand erfolgt gut gepolstert in daf\u00fcr geeigneten Kartons und Besch\u00e4digungen sollten die absolute Ausnahme sein. Bitte nehmen Sie mit uns bei Problemen oder Unzufriedenheit Kontakt auf, damit wir eine L\u00f6sung finden und uns verbessern k\u00f6nnen!<\/p><p><strong>Diverses:<\/strong><\/p><p>Diese Allgemeinen Gesch\u00e4ftsbedingungen (abgek\u00fcrzt: AGB) wurden im Hinblick auf eine problemlose, partnerschaftliche Gesch\u00e4ftsbeziehung zu unseren Kunden und Kundinnen erstellt. Allf\u00e4llige l\u00fcckenhafte, unklare oder gesetzlich unwirksame Bestimmungen in diesen AGB sind nicht beabsichtigt und machen keinesfalls die anderen Bestimmungen unwirksam. \u00c4nderungen k\u00f6nnen jederzeit und ohne Ank\u00fcndigung durch uns vorgenommen werden.<\/p><p>Die Gesch\u00e4ftst\u00e4tigkeit basiert ausschliesslich auf Schweizer Recht. Der Gerichtsstand ist Arbon TG.<\/p><p>4. Dezember 2025<\/p><p><strong>Ihr City Whisky St. Gallen-Team<\/strong><\/p>\t\t\t\t\t\t\t\t<\/div>\n\t\t\t\t\t<\/div>\n\t\t\t\t<\/div>\n\t\t\t\t<\/div>","protected":false},"excerpt":{"rendered":"<p>Allgemeine Gesch\u00e4ftsbedingungen \u2013 City Whisky St.Gallen Altersbeschr\u00e4nkung: Jeder Kunde und jede Kundin muss ein Mindestalter von 18 Jahren aufweisen. Wir verkaufen keinerlei Waren an Personen, die dieses Alter noch nicht erreicht haben. Bei Zuwiderhandlungen lehnen wir jede Haftung ab. Verkaufsbeschr\u00e4nkungen: Auch wenn Bestellungen im Online-Shop m\u00f6glich sind, behalten wir uns vor, Lieferungen ohne Angabe von&hellip;<\/p>","protected":false},"author":1,"featured_media":0,"parent":0,"menu_order":0,"comment_status":"closed","ping_status":"closed","template":"","meta":{"footnotes":""},"class_list":["post-16295","page","type-page","status-publish","hentry"],"yoast_head":"<!-- This site is optimized with the Yoast SEO plugin v26.9 - https:\/\/yoast.com\/product\/yoast-seo-wordpress\/ -->\n<title>AGB - city-whisky.ch<\/title>\n<meta name=\"robots\" content=\"noindex, follow\" \/>\n<meta property=\"og:locale\" content=\"en_GB\" \/>\n<meta property=\"og:type\" content=\"article\" \/>\n<meta property=\"og:title\" content=\"AGB - city-whisky.ch\" \/>\n<meta property=\"og:description\" content=\"Allgemeine Gesch\u00e4ftsbedingungen \u2013 City Whisky St.Gallen Altersbeschr\u00e4nkung: Jeder Kunde und jede Kundin muss ein Mindestalter von 18 Jahren aufweisen. Wir verkaufen keinerlei Waren an Personen, die dieses Alter noch nicht erreicht haben. Bei Zuwiderhandlungen lehnen wir jede Haftung ab. Verkaufsbeschr\u00e4nkungen: Auch wenn Bestellungen im Online-Shop m\u00f6glich sind, behalten wir uns vor, Lieferungen ohne Angabe von&hellip;\" \/>\n<meta property=\"og:url\" content=\"https:\/\/city-whisky.ch\/en\/agb\/\" \/>\n<meta property=\"og:site_name\" content=\"city-whisky.ch\" \/>\n<meta property=\"article:modified_time\" content=\"2026-02-15T14:02:59+00:00\" \/>\n<meta name=\"twitter:card\" content=\"summary_large_image\" \/>\n<meta name=\"twitter:label1\" content=\"Estimated reading time\" \/>\n\t<meta name=\"twitter:data1\" content=\"5 minutes\" \/>\n<script type=\"application\/ld+json\" class=\"yoast-schema-graph\">{\"@context\":\"https:\/\/schema.org\",\"@graph\":[{\"@type\":\"WebPage\",\"@id\":\"https:\/\/city-whisky.ch\/agb\/\",\"url\":\"https:\/\/city-whisky.ch\/agb\/\",\"name\":\"AGB - city-whisky.ch\",\"isPartOf\":{\"@id\":\"https:\/\/city-whisky.ch\/#website\"},\"datePublished\":\"2025-11-04T19:55:50+00:00\",\"dateModified\":\"2026-02-15T14:02:59+00:00\",\"breadcrumb\":{\"@id\":\"https:\/\/city-whisky.ch\/agb\/#breadcrumb\"},\"inLanguage\":\"en-GB\",\"potentialAction\":[{\"@type\":\"ReadAction\",\"target\":[\"https:\/\/city-whisky.ch\/agb\/\"]}]},{\"@type\":\"BreadcrumbList\",\"@id\":\"https:\/\/city-whisky.ch\/agb\/#breadcrumb\",\"itemListElement\":[{\"@type\":\"ListItem\",\"position\":1,\"name\":\"Start\",\"item\":\"https:\/\/city-whisky.ch\/\"},{\"@type\":\"ListItem\",\"position\":2,\"name\":\"AGB\"}]},{\"@type\":\"WebSite\",\"@id\":\"https:\/\/city-whisky.ch\/#website\",\"url\":\"https:\/\/city-whisky.ch\/\",\"name\":\"city-whisky.ch\",\"description\":\"Exklusive Whiskys aus aller Welt \u2013 entdecken und geniessen.\",\"publisher\":{\"@id\":\"https:\/\/city-whisky.ch\/#organization\"},\"potentialAction\":[{\"@type\":\"SearchAction\",\"target\":{\"@type\":\"EntryPoint\",\"urlTemplate\":\"https:\/\/city-whisky.ch\/?s={search_term_string}\"},\"query-input\":{\"@type\":\"PropertyValueSpecification\",\"valueRequired\":true,\"valueName\":\"search_term_string\"}}],\"inLanguage\":\"en-GB\"},{\"@type\":\"Organization\",\"@id\":\"https:\/\/city-whisky.ch\/#organization\",\"name\":\"city-whisky.ch\",\"url\":\"https:\/\/city-whisky.ch\/\",\"logo\":{\"@type\":\"ImageObject\",\"inLanguage\":\"en-GB\",\"@id\":\"https:\/\/city-whisky.ch\/#\/schema\/logo\/image\/\",\"url\":\"https:\/\/city-whisky.ch\/wp-content\/uploads\/2025\/11\/city-whisky-logo_main.webp\",\"contentUrl\":\"https:\/\/city-whisky.ch\/wp-content\/uploads\/2025\/11\/city-whisky-logo_main.webp\",\"width\":512,\"height\":600,\"caption\":\"city-whisky.ch\"},\"image\":{\"@id\":\"https:\/\/city-whisky.ch\/#\/schema\/logo\/image\/\"}}]}<\/script>\n<!-- \/ Yoast SEO plugin. -->","yoast_head_json":{"title":"AGB - city-whisky.ch","robots":{"index":"noindex","follow":"follow"},"og_locale":"en_GB","og_type":"article","og_title":"AGB - city-whisky.ch","og_description":"Allgemeine Gesch\u00e4ftsbedingungen \u2013 City Whisky St.Gallen Altersbeschr\u00e4nkung: Jeder Kunde und jede Kundin muss ein Mindestalter von 18 Jahren aufweisen. Wir verkaufen keinerlei Waren an Personen, die dieses Alter noch nicht erreicht haben. Bei Zuwiderhandlungen lehnen wir jede Haftung ab. Verkaufsbeschr\u00e4nkungen: Auch wenn Bestellungen im Online-Shop m\u00f6glich sind, behalten wir uns vor, Lieferungen ohne Angabe von&hellip;","og_url":"https:\/\/city-whisky.ch\/en\/agb\/","og_site_name":"city-whisky.ch","article_modified_time":"2026-02-15T14:02:59+00:00","twitter_card":"summary_large_image","twitter_misc":{"Estimated reading time":"5 minutes"},"schema":{"@context":"https:\/\/schema.org","@graph":[{"@type":"WebPage","@id":"https:\/\/city-whisky.ch\/agb\/","url":"https:\/\/city-whisky.ch\/agb\/","name":"AGB - city-whisky.ch","isPartOf":{"@id":"https:\/\/city-whisky.ch\/#website"},"datePublished":"2025-11-04T19:55:50+00:00","dateModified":"2026-02-15T14:02:59+00:00","breadcrumb":{"@id":"https:\/\/city-whisky.ch\/agb\/#breadcrumb"},"inLanguage":"en-GB","potentialAction":[{"@type":"ReadAction","target":["https:\/\/city-whisky.ch\/agb\/"]}]},{"@type":"BreadcrumbList","@id":"https:\/\/city-whisky.ch\/agb\/#breadcrumb","itemListElement":[{"@type":"ListItem","position":1,"name":"Start","item":"https:\/\/city-whisky.ch\/"},{"@type":"ListItem","position":2,"name":"AGB"}]},{"@type":"WebSite","@id":"https:\/\/city-whisky.ch\/#website","url":"https:\/\/city-whisky.ch\/","name":"city-whisky.ch","description":"Exklusive Whiskys aus aller Welt \u2013 entdecken und geniessen.","publisher":{"@id":"https:\/\/city-whisky.ch\/#organization"},"potentialAction":[{"@type":"SearchAction","target":{"@type":"EntryPoint","urlTemplate":"https:\/\/city-whisky.ch\/?s={search_term_string}"},"query-input":{"@type":"PropertyValueSpecification","valueRequired":true,"valueName":"search_term_string"}}],"inLanguage":"en-GB"},{"@type":"Organization","@id":"https:\/\/city-whisky.ch\/#organization","name":"city-whisky.ch","url":"https:\/\/city-whisky.ch\/","logo":{"@type":"ImageObject","inLanguage":"en-GB","@id":"https:\/\/city-whisky.ch\/#\/schema\/logo\/image\/","url":"https:\/\/city-whisky.ch\/wp-content\/uploads\/2025\/11\/city-whisky-logo_main.webp","contentUrl":"https:\/\/city-whisky.ch\/wp-content\/uploads\/2025\/11\/city-whisky-logo_main.webp","width":512,"height":600,"caption":"city-whisky.ch"},"image":{"@id":"https:\/\/city-whisky.ch\/#\/schema\/logo\/image\/"}}]}},"_links":{"self":[{"href":"https:\/\/city-whisky.ch\/en\/wp-json\/wp\/v2\/pages\/16295","targetHints":{"allow":["GET"]}}],"collection":[{"href":"https:\/\/city-whisky.ch\/en\/wp-json\/wp\/v2\/pages"}],"about":[{"href":"https:\/\/city-whisky.ch\/en\/wp-json\/wp\/v2\/types\/page"}],"author":[{"embeddable":true,"href":"https:\/\/city-whisky.ch\/en\/wp-json\/wp\/v2\/users\/1"}],"replies":[{"embeddable":true,"href":"https:\/\/city-whisky.ch\/en\/wp-json\/wp\/v2\/comments?post=16295"}],"version-history":[{"count":7,"href":"https:\/\/city-whisky.ch\/en\/wp-json\/wp\/v2\/pages\/16295\/revisions"}],"predecessor-version":[{"id":16943,"href":"https:\/\/city-whisky.ch\/en\/wp-json\/wp\/v2\/pages\/16295\/revisions\/16943"}],"wp:attachment":[{"href":"https:\/\/city-whisky.ch\/en\/wp-json\/wp\/v2\/media?parent=16295"}],"curies":[{"name":"wp","href":"https:\/\/api.w.org\/{rel}","templated":true}]}}