{"id":16471,"date":"2025-11-26T10:27:26","date_gmt":"2025-11-26T10:27:26","guid":{"rendered":"https:\/\/city-whisky.ch\/?post_type=product&#038;p=16471"},"modified":"2026-03-05T09:20:36","modified_gmt":"2026-03-05T09:20:36","slug":"glen-scotia-2008-single-cask","status":"publish","type":"product","link":"https:\/\/city-whisky.ch\/en\/product\/glen-scotia-2008-single-cask\/","title":{"rendered":"Glen Scotia 2008 Single Cask"},"content":{"rendered":"<ul>\n<li><strong>Abf\u00fcller: <\/strong>Original<\/li>\n<li><strong>Alter: <\/strong>10 years &#8211; Distilled: 02.2008 \/ Bottled: 05.2018<\/li>\n<li><strong>Alkoholgehalt:<\/strong> 55.5% vol<\/li>\n<li><strong>Inhalt: <\/strong>70cl<\/li>\n<li><strong>Duft: <\/strong>Aromen von Caramel und getoasteter Eiche, leicht maritim, Sherryfass gut sp\u00fcrbar<\/li>\n<li><strong>Geschmack:<\/strong> vollmundig mit einer angenehmen S\u00fcsse, auf der Zunge salzige Noten und Caramel (erinnert mich ein wenig nach Salted Caramel), Nuss und Eiche am Gaumen, w\u00fcrziges Finish<\/li>\n<li><strong>Land\/Region:<\/strong> Schottland, Campbeltown<\/li>\n<li><strong>Bemerkungen: <\/strong>First Fill Oloroso Hogshead Nr. 17\/416-9; Nr. of bottles: 325; Bei dieser Abf\u00fcllung muss man unbedingt mit Wasser arbeiten und kann grossz\u00fcgig Wasser beigeben (10 Tropfen auf 2cl). Ansonsten dominiert der Alkohol und es kommen die beschriebenen Geschmacksnuancen nur zaghaft zum Vorschein.<\/li>\n<li><a href=\"https:\/\/www.whiskybase.com\/whiskies\/whisky\/119194\/glen-scotia-2008\"><strong>Weitere Informationen<\/strong><\/a><\/li>\n<\/ul>","protected":false},"excerpt":{"rendered":"<p>Abf\u00fcller: Original Alter: 10 years &#8211; Distilled: 02.2008 \/ Bottled: 05.2018 Alkoholgehalt: 55.5% vol Inhalt: 70cl Duft: Aromen von Caramel und getoasteter Eiche, leicht maritim, Sherryfass gut sp\u00fcrbar Geschmack: vollmundig mit einer angenehmen S\u00fcsse, auf der Zunge salzige Noten und Caramel (erinnert mich ein wenig nach Salted Caramel), Nuss und Eiche am Gaumen, w\u00fcrziges Finish&hellip;<\/p>","protected":false},"featured_media":16488,"comment_status":"closed","ping_status":"closed","template":"","meta":[],"product_brand":[],"product_cat":[74],"product_tag":[214,180,164],"class_list":{"0":"post-16471","1":"product","2":"type-product","3":"status-publish","4":"has-post-thumbnail","6":"product_cat-schottland","7":"product_tag-glen-scotia","8":"product_tag-oloroso","9":"product_tag-single-cask","10":"description-off","12":"first","13":"instock","14":"shipping-taxable","15":"purchasable","16":"product-type-simple"},"yoast_head":"<!-- This site is optimized with the Yoast SEO plugin v26.9 - https:\/\/yoast.com\/product\/yoast-seo-wordpress\/ -->\n<title>Glen Scotia 2008 Single Cask - city-whisky.ch<\/title>\n<meta name=\"description\" content=\"Glen Scotia 2008 Single Cask: First Fill Oloroso Hogshead Nr. 17\/416-9; Nr. of bottles: 325.\" \/>\n<meta name=\"robots\" content=\"index, follow, max-snippet:-1, max-image-preview:large, max-video-preview:-1\" \/>\n<link rel=\"canonical\" href=\"https:\/\/city-whisky.ch\/en\/product\/glen-scotia-2008-single-cask\/\" \/>\n<meta property=\"og:locale\" content=\"en_GB\" \/>\n<meta property=\"og:type\" content=\"article\" \/>\n<meta property=\"og:title\" content=\"Glen Scotia 2008 Single Cask - city-whisky.ch\" \/>\n<meta property=\"og:description\" content=\"Glen Scotia 2008 Single Cask: First Fill Oloroso Hogshead Nr. 17\/416-9; Nr. of bottles: 325.\" \/>\n<meta property=\"og:url\" content=\"https:\/\/city-whisky.ch\/en\/product\/glen-scotia-2008-single-cask\/\" \/>\n<meta property=\"og:site_name\" content=\"city-whisky.ch\" \/>\n<meta property=\"article:modified_time\" content=\"2026-03-05T09:20:36+00:00\" \/>\n<meta property=\"og:image\" content=\"https:\/\/city-whisky.ch\/wp-content\/uploads\/2025\/11\/Glen-Scotia-Single-Cask-Limited-Edition.webp\" \/>\n\t<meta property=\"og:image:width\" content=\"666\" \/>\n\t<meta property=\"og:image:height\" content=\"1000\" \/>\n\t<meta property=\"og:image:type\" content=\"image\/webp\" \/>\n<meta name=\"twitter:card\" content=\"summary_large_image\" \/>\n<meta name=\"twitter:label1\" content=\"Estimated reading time\" \/>\n\t<meta name=\"twitter:data1\" content=\"1 minute\" \/>\n<script type=\"application\/ld+json\" class=\"yoast-schema-graph\">{\"@context\":\"https:\/\/schema.org\",\"@graph\":[{\"@type\":\"WebPage\",\"@id\":\"https:\/\/city-whisky.ch\/product\/glen-scotia-2008-single-cask\/\",\"url\":\"https:\/\/city-whisky.ch\/product\/glen-scotia-2008-single-cask\/\",\"name\":\"Glen Scotia 2008 Single Cask - city-whisky.ch\",\"isPartOf\":{\"@id\":\"https:\/\/city-whisky.ch\/#website\"},\"primaryImageOfPage\":{\"@id\":\"https:\/\/city-whisky.ch\/product\/glen-scotia-2008-single-cask\/#primaryimage\"},\"image\":{\"@id\":\"https:\/\/city-whisky.ch\/product\/glen-scotia-2008-single-cask\/#primaryimage\"},\"thumbnailUrl\":\"https:\/\/city-whisky.ch\/wp-content\/uploads\/2025\/11\/Glen-Scotia-Single-Cask-Limited-Edition.webp\",\"datePublished\":\"2025-11-26T10:27:26+00:00\",\"dateModified\":\"2026-03-05T09:20:36+00:00\",\"description\":\"Glen Scotia 2008 Single Cask: First Fill Oloroso Hogshead Nr. 17\/416-9; Nr. of bottles: 325.\",\"breadcrumb\":{\"@id\":\"https:\/\/city-whisky.ch\/product\/glen-scotia-2008-single-cask\/#breadcrumb\"},\"inLanguage\":\"en-GB\",\"potentialAction\":[{\"@type\":\"ReadAction\",\"target\":[\"https:\/\/city-whisky.ch\/product\/glen-scotia-2008-single-cask\/\"]}]},{\"@type\":\"ImageObject\",\"inLanguage\":\"en-GB\",\"@id\":\"https:\/\/city-whisky.ch\/product\/glen-scotia-2008-single-cask\/#primaryimage\",\"url\":\"https:\/\/city-whisky.ch\/wp-content\/uploads\/2025\/11\/Glen-Scotia-Single-Cask-Limited-Edition.webp\",\"contentUrl\":\"https:\/\/city-whisky.ch\/wp-content\/uploads\/2025\/11\/Glen-Scotia-Single-Cask-Limited-Edition.webp\",\"width\":666,\"height\":1000},{\"@type\":\"BreadcrumbList\",\"@id\":\"https:\/\/city-whisky.ch\/product\/glen-scotia-2008-single-cask\/#breadcrumb\",\"itemListElement\":[{\"@type\":\"ListItem\",\"position\":1,\"name\":\"Start\",\"item\":\"https:\/\/city-whisky.ch\/\"},{\"@type\":\"ListItem\",\"position\":2,\"name\":\"Shop\",\"item\":\"https:\/\/city-whisky.ch\/shop\/\"},{\"@type\":\"ListItem\",\"position\":3,\"name\":\"Glen Scotia 2008 Single Cask\"}]},{\"@type\":\"WebSite\",\"@id\":\"https:\/\/city-whisky.ch\/#website\",\"url\":\"https:\/\/city-whisky.ch\/\",\"name\":\"city-whisky.ch\",\"description\":\"Exklusive Whiskys aus aller Welt \u2013 entdecken und geniessen.\",\"publisher\":{\"@id\":\"https:\/\/city-whisky.ch\/#organization\"},\"potentialAction\":[{\"@type\":\"SearchAction\",\"target\":{\"@type\":\"EntryPoint\",\"urlTemplate\":\"https:\/\/city-whisky.ch\/?s={search_term_string}\"},\"query-input\":{\"@type\":\"PropertyValueSpecification\",\"valueRequired\":true,\"valueName\":\"search_term_string\"}}],\"inLanguage\":\"en-GB\"},{\"@type\":\"Organization\",\"@id\":\"https:\/\/city-whisky.ch\/#organization\",\"name\":\"city-whisky.ch\",\"url\":\"https:\/\/city-whisky.ch\/\",\"logo\":{\"@type\":\"ImageObject\",\"inLanguage\":\"en-GB\",\"@id\":\"https:\/\/city-whisky.ch\/#\/schema\/logo\/image\/\",\"url\":\"https:\/\/city-whisky.ch\/wp-content\/uploads\/2025\/11\/city-whisky-logo_main.webp\",\"contentUrl\":\"https:\/\/city-whisky.ch\/wp-content\/uploads\/2025\/11\/city-whisky-logo_main.webp\",\"width\":512,\"height\":600,\"caption\":\"city-whisky.ch\"},\"image\":{\"@id\":\"https:\/\/city-whisky.ch\/#\/schema\/logo\/image\/\"}}]}<\/script>\n<!-- \/ Yoast SEO plugin. -->","yoast_head_json":{"title":"Glen Scotia 2008 Single Cask - city-whisky.ch","description":"Glen Scotia 2008 Single Cask: First Fill Oloroso Hogshead Nr. 17\/416-9; Nr. of bottles: 325.","robots":{"index":"index","follow":"follow","max-snippet":"max-snippet:-1","max-image-preview":"max-image-preview:large","max-video-preview":"max-video-preview:-1"},"canonical":"https:\/\/city-whisky.ch\/en\/product\/glen-scotia-2008-single-cask\/","og_locale":"en_GB","og_type":"article","og_title":"Glen Scotia 2008 Single Cask - city-whisky.ch","og_description":"Glen Scotia 2008 Single Cask: First Fill Oloroso Hogshead Nr. 17\/416-9; Nr. of bottles: 325.","og_url":"https:\/\/city-whisky.ch\/en\/product\/glen-scotia-2008-single-cask\/","og_site_name":"city-whisky.ch","article_modified_time":"2026-03-05T09:20:36+00:00","og_image":[{"width":666,"height":1000,"url":"https:\/\/city-whisky.ch\/wp-content\/uploads\/2025\/11\/Glen-Scotia-Single-Cask-Limited-Edition.webp","type":"image\/webp"}],"twitter_card":"summary_large_image","twitter_misc":{"Estimated reading time":"1 minute"},"schema":{"@context":"https:\/\/schema.org","@graph":[{"@type":"WebPage","@id":"https:\/\/city-whisky.ch\/product\/glen-scotia-2008-single-cask\/","url":"https:\/\/city-whisky.ch\/product\/glen-scotia-2008-single-cask\/","name":"Glen Scotia 2008 Single Cask - city-whisky.ch","isPartOf":{"@id":"https:\/\/city-whisky.ch\/#website"},"primaryImageOfPage":{"@id":"https:\/\/city-whisky.ch\/product\/glen-scotia-2008-single-cask\/#primaryimage"},"image":{"@id":"https:\/\/city-whisky.ch\/product\/glen-scotia-2008-single-cask\/#primaryimage"},"thumbnailUrl":"https:\/\/city-whisky.ch\/wp-content\/uploads\/2025\/11\/Glen-Scotia-Single-Cask-Limited-Edition.webp","datePublished":"2025-11-26T10:27:26+00:00","dateModified":"2026-03-05T09:20:36+00:00","description":"Glen Scotia 2008 Single Cask: First Fill Oloroso Hogshead Nr. 17\/416-9; Nr. of bottles: 325.","breadcrumb":{"@id":"https:\/\/city-whisky.ch\/product\/glen-scotia-2008-single-cask\/#breadcrumb"},"inLanguage":"en-GB","potentialAction":[{"@type":"ReadAction","target":["https:\/\/city-whisky.ch\/product\/glen-scotia-2008-single-cask\/"]}]},{"@type":"ImageObject","inLanguage":"en-GB","@id":"https:\/\/city-whisky.ch\/product\/glen-scotia-2008-single-cask\/#primaryimage","url":"https:\/\/city-whisky.ch\/wp-content\/uploads\/2025\/11\/Glen-Scotia-Single-Cask-Limited-Edition.webp","contentUrl":"https:\/\/city-whisky.ch\/wp-content\/uploads\/2025\/11\/Glen-Scotia-Single-Cask-Limited-Edition.webp","width":666,"height":1000},{"@type":"BreadcrumbList","@id":"https:\/\/city-whisky.ch\/product\/glen-scotia-2008-single-cask\/#breadcrumb","itemListElement":[{"@type":"ListItem","position":1,"name":"Start","item":"https:\/\/city-whisky.ch\/"},{"@type":"ListItem","position":2,"name":"Shop","item":"https:\/\/city-whisky.ch\/shop\/"},{"@type":"ListItem","position":3,"name":"Glen Scotia 2008 Single Cask"}]},{"@type":"WebSite","@id":"https:\/\/city-whisky.ch\/#website","url":"https:\/\/city-whisky.ch\/","name":"city-whisky.ch","description":"Exklusive Whiskys aus aller Welt \u2013 entdecken und geniessen.","publisher":{"@id":"https:\/\/city-whisky.ch\/#organization"},"potentialAction":[{"@type":"SearchAction","target":{"@type":"EntryPoint","urlTemplate":"https:\/\/city-whisky.ch\/?s={search_term_string}"},"query-input":{"@type":"PropertyValueSpecification","valueRequired":true,"valueName":"search_term_string"}}],"inLanguage":"en-GB"},{"@type":"Organization","@id":"https:\/\/city-whisky.ch\/#organization","name":"city-whisky.ch","url":"https:\/\/city-whisky.ch\/","logo":{"@type":"ImageObject","inLanguage":"en-GB","@id":"https:\/\/city-whisky.ch\/#\/schema\/logo\/image\/","url":"https:\/\/city-whisky.ch\/wp-content\/uploads\/2025\/11\/city-whisky-logo_main.webp","contentUrl":"https:\/\/city-whisky.ch\/wp-content\/uploads\/2025\/11\/city-whisky-logo_main.webp","width":512,"height":600,"caption":"city-whisky.ch"},"image":{"@id":"https:\/\/city-whisky.ch\/#\/schema\/logo\/image\/"}}]}},"_links":{"self":[{"href":"https:\/\/city-whisky.ch\/en\/wp-json\/wp\/v2\/product\/16471","targetHints":{"allow":["GET"]}}],"collection":[{"href":"https:\/\/city-whisky.ch\/en\/wp-json\/wp\/v2\/product"}],"about":[{"href":"https:\/\/city-whisky.ch\/en\/wp-json\/wp\/v2\/types\/product"}],"replies":[{"embeddable":true,"href":"https:\/\/city-whisky.ch\/en\/wp-json\/wp\/v2\/comments?post=16471"}],"wp:featuredmedia":[{"embeddable":true,"href":"https:\/\/city-whisky.ch\/en\/wp-json\/wp\/v2\/media\/16488"}],"wp:attachment":[{"href":"https:\/\/city-whisky.ch\/en\/wp-json\/wp\/v2\/media?parent=16471"}],"wp:term":[{"taxonomy":"product_brand","embeddable":true,"href":"https:\/\/city-whisky.ch\/en\/wp-json\/wp\/v2\/product_brand?post=16471"},{"taxonomy":"product_cat","embeddable":true,"href":"https:\/\/city-whisky.ch\/en\/wp-json\/wp\/v2\/product_cat?post=16471"},{"taxonomy":"product_tag","embeddable":true,"href":"https:\/\/city-whisky.ch\/en\/wp-json\/wp\/v2\/product_tag?post=16471"}],"curies":[{"name":"wp","href":"https:\/\/api.w.org\/{rel}","templated":true}]}}