{"id":16776,"date":"2026-02-05T18:07:35","date_gmt":"2026-02-05T18:07:35","guid":{"rendered":"https:\/\/city-whisky.ch\/?post_type=product&#038;p=16776"},"modified":"2026-03-05T08:24:45","modified_gmt":"2026-03-05T08:24:45","slug":"glencairn-glas","status":"publish","type":"product","link":"https:\/\/city-whisky.ch\/en\/product\/glencairn-glas\/","title":{"rendered":"Glencairn Glas"},"content":{"rendered":"<ul>\n<li>Das offizielle Whiskyglas aus Schottland im 1er Karton<\/li>\n<\/ul>","protected":false},"excerpt":{"rendered":"<p>Das offizielle Whiskyglas aus Schottland im 1er Karton<\/p>","protected":false},"featured_media":16777,"comment_status":"closed","ping_status":"closed","template":"","meta":[],"product_brand":[],"product_cat":[341],"product_tag":[342],"class_list":{"0":"post-16776","1":"product","2":"type-product","3":"status-publish","4":"has-post-thumbnail","6":"product_cat-zubehoer","7":"product_tag-glencairn-glas","8":"description-off","10":"first","11":"instock","12":"shipping-taxable","13":"purchasable","14":"product-type-simple"},"yoast_head":"<!-- This site is optimized with the Yoast SEO plugin v26.9 - https:\/\/yoast.com\/product\/yoast-seo-wordpress\/ -->\n<title>Glencairn Glas - city-whisky.ch<\/title>\n<meta name=\"description\" content=\"Ein Glencairn Glas ist ein bauchiges Whiskyglas mit schmaler \u00d6ffnung und kurzem Fu\u00df. Es b\u00fcndelt Aromen optimal und wird weltweit f\u00fcr professionelle Whiskyverkostungen genutzt.\" \/>\n<meta name=\"robots\" content=\"index, follow, max-snippet:-1, max-image-preview:large, max-video-preview:-1\" \/>\n<link rel=\"canonical\" href=\"https:\/\/city-whisky.ch\/en\/product\/glencairn-glas\/\" \/>\n<meta property=\"og:locale\" content=\"en_GB\" \/>\n<meta property=\"og:type\" content=\"article\" \/>\n<meta property=\"og:title\" content=\"Glencairn Glas - city-whisky.ch\" \/>\n<meta property=\"og:description\" content=\"Ein Glencairn Glas ist ein bauchiges Whiskyglas mit schmaler \u00d6ffnung und kurzem Fu\u00df. Es b\u00fcndelt Aromen optimal und wird weltweit f\u00fcr professionelle Whiskyverkostungen genutzt.\" \/>\n<meta property=\"og:url\" content=\"https:\/\/city-whisky.ch\/en\/product\/glencairn-glas\/\" \/>\n<meta property=\"og:site_name\" content=\"city-whisky.ch\" \/>\n<meta property=\"article:modified_time\" content=\"2026-03-05T08:24:45+00:00\" \/>\n<meta property=\"og:image\" content=\"https:\/\/city-whisky.ch\/wp-content\/uploads\/2026\/02\/GlencairnGlas.webp\" \/>\n\t<meta property=\"og:image:width\" content=\"667\" \/>\n\t<meta property=\"og:image:height\" content=\"1000\" \/>\n\t<meta property=\"og:image:type\" content=\"image\/webp\" \/>\n<meta name=\"twitter:card\" content=\"summary_large_image\" \/>\n<meta name=\"twitter:label1\" content=\"Estimated reading time\" \/>\n\t<meta name=\"twitter:data1\" content=\"1 minute\" \/>\n<script type=\"application\/ld+json\" class=\"yoast-schema-graph\">{\"@context\":\"https:\/\/schema.org\",\"@graph\":[{\"@type\":\"WebPage\",\"@id\":\"https:\/\/city-whisky.ch\/product\/glencairn-glas\/\",\"url\":\"https:\/\/city-whisky.ch\/product\/glencairn-glas\/\",\"name\":\"Glencairn Glas - city-whisky.ch\",\"isPartOf\":{\"@id\":\"https:\/\/city-whisky.ch\/#website\"},\"primaryImageOfPage\":{\"@id\":\"https:\/\/city-whisky.ch\/product\/glencairn-glas\/#primaryimage\"},\"image\":{\"@id\":\"https:\/\/city-whisky.ch\/product\/glencairn-glas\/#primaryimage\"},\"thumbnailUrl\":\"https:\/\/city-whisky.ch\/wp-content\/uploads\/2026\/02\/GlencairnGlas.webp\",\"datePublished\":\"2026-02-05T18:07:35+00:00\",\"dateModified\":\"2026-03-05T08:24:45+00:00\",\"description\":\"Ein Glencairn Glas ist ein bauchiges Whiskyglas mit schmaler \u00d6ffnung und kurzem Fu\u00df. Es b\u00fcndelt Aromen optimal und wird weltweit f\u00fcr professionelle Whiskyverkostungen genutzt.\",\"breadcrumb\":{\"@id\":\"https:\/\/city-whisky.ch\/product\/glencairn-glas\/#breadcrumb\"},\"inLanguage\":\"en-GB\",\"potentialAction\":[{\"@type\":\"ReadAction\",\"target\":[\"https:\/\/city-whisky.ch\/product\/glencairn-glas\/\"]}]},{\"@type\":\"ImageObject\",\"inLanguage\":\"en-GB\",\"@id\":\"https:\/\/city-whisky.ch\/product\/glencairn-glas\/#primaryimage\",\"url\":\"https:\/\/city-whisky.ch\/wp-content\/uploads\/2026\/02\/GlencairnGlas.webp\",\"contentUrl\":\"https:\/\/city-whisky.ch\/wp-content\/uploads\/2026\/02\/GlencairnGlas.webp\",\"width\":667,\"height\":1000},{\"@type\":\"BreadcrumbList\",\"@id\":\"https:\/\/city-whisky.ch\/product\/glencairn-glas\/#breadcrumb\",\"itemListElement\":[{\"@type\":\"ListItem\",\"position\":1,\"name\":\"Start\",\"item\":\"https:\/\/city-whisky.ch\/\"},{\"@type\":\"ListItem\",\"position\":2,\"name\":\"Shop\",\"item\":\"https:\/\/city-whisky.ch\/shop\/\"},{\"@type\":\"ListItem\",\"position\":3,\"name\":\"Glencairn Glas\"}]},{\"@type\":\"WebSite\",\"@id\":\"https:\/\/city-whisky.ch\/#website\",\"url\":\"https:\/\/city-whisky.ch\/\",\"name\":\"city-whisky.ch\",\"description\":\"Exklusive Whiskys aus aller Welt \u2013 entdecken und geniessen.\",\"publisher\":{\"@id\":\"https:\/\/city-whisky.ch\/#organization\"},\"potentialAction\":[{\"@type\":\"SearchAction\",\"target\":{\"@type\":\"EntryPoint\",\"urlTemplate\":\"https:\/\/city-whisky.ch\/?s={search_term_string}\"},\"query-input\":{\"@type\":\"PropertyValueSpecification\",\"valueRequired\":true,\"valueName\":\"search_term_string\"}}],\"inLanguage\":\"en-GB\"},{\"@type\":\"Organization\",\"@id\":\"https:\/\/city-whisky.ch\/#organization\",\"name\":\"city-whisky.ch\",\"url\":\"https:\/\/city-whisky.ch\/\",\"logo\":{\"@type\":\"ImageObject\",\"inLanguage\":\"en-GB\",\"@id\":\"https:\/\/city-whisky.ch\/#\/schema\/logo\/image\/\",\"url\":\"https:\/\/city-whisky.ch\/wp-content\/uploads\/2025\/11\/city-whisky-logo_main.webp\",\"contentUrl\":\"https:\/\/city-whisky.ch\/wp-content\/uploads\/2025\/11\/city-whisky-logo_main.webp\",\"width\":512,\"height\":600,\"caption\":\"city-whisky.ch\"},\"image\":{\"@id\":\"https:\/\/city-whisky.ch\/#\/schema\/logo\/image\/\"}}]}<\/script>\n<!-- \/ Yoast SEO plugin. -->","yoast_head_json":{"title":"Glencairn Glas - city-whisky.ch","description":"Ein Glencairn Glas ist ein bauchiges Whiskyglas mit schmaler \u00d6ffnung und kurzem Fu\u00df. Es b\u00fcndelt Aromen optimal und wird weltweit f\u00fcr professionelle Whiskyverkostungen genutzt.","robots":{"index":"index","follow":"follow","max-snippet":"max-snippet:-1","max-image-preview":"max-image-preview:large","max-video-preview":"max-video-preview:-1"},"canonical":"https:\/\/city-whisky.ch\/en\/product\/glencairn-glas\/","og_locale":"en_GB","og_type":"article","og_title":"Glencairn Glas - city-whisky.ch","og_description":"Ein Glencairn Glas ist ein bauchiges Whiskyglas mit schmaler \u00d6ffnung und kurzem Fu\u00df. Es b\u00fcndelt Aromen optimal und wird weltweit f\u00fcr professionelle Whiskyverkostungen genutzt.","og_url":"https:\/\/city-whisky.ch\/en\/product\/glencairn-glas\/","og_site_name":"city-whisky.ch","article_modified_time":"2026-03-05T08:24:45+00:00","og_image":[{"width":667,"height":1000,"url":"https:\/\/city-whisky.ch\/wp-content\/uploads\/2026\/02\/GlencairnGlas.webp","type":"image\/webp"}],"twitter_card":"summary_large_image","twitter_misc":{"Estimated reading time":"1 minute"},"schema":{"@context":"https:\/\/schema.org","@graph":[{"@type":"WebPage","@id":"https:\/\/city-whisky.ch\/product\/glencairn-glas\/","url":"https:\/\/city-whisky.ch\/product\/glencairn-glas\/","name":"Glencairn Glas - city-whisky.ch","isPartOf":{"@id":"https:\/\/city-whisky.ch\/#website"},"primaryImageOfPage":{"@id":"https:\/\/city-whisky.ch\/product\/glencairn-glas\/#primaryimage"},"image":{"@id":"https:\/\/city-whisky.ch\/product\/glencairn-glas\/#primaryimage"},"thumbnailUrl":"https:\/\/city-whisky.ch\/wp-content\/uploads\/2026\/02\/GlencairnGlas.webp","datePublished":"2026-02-05T18:07:35+00:00","dateModified":"2026-03-05T08:24:45+00:00","description":"Ein Glencairn Glas ist ein bauchiges Whiskyglas mit schmaler \u00d6ffnung und kurzem Fu\u00df. Es b\u00fcndelt Aromen optimal und wird weltweit f\u00fcr professionelle Whiskyverkostungen genutzt.","breadcrumb":{"@id":"https:\/\/city-whisky.ch\/product\/glencairn-glas\/#breadcrumb"},"inLanguage":"en-GB","potentialAction":[{"@type":"ReadAction","target":["https:\/\/city-whisky.ch\/product\/glencairn-glas\/"]}]},{"@type":"ImageObject","inLanguage":"en-GB","@id":"https:\/\/city-whisky.ch\/product\/glencairn-glas\/#primaryimage","url":"https:\/\/city-whisky.ch\/wp-content\/uploads\/2026\/02\/GlencairnGlas.webp","contentUrl":"https:\/\/city-whisky.ch\/wp-content\/uploads\/2026\/02\/GlencairnGlas.webp","width":667,"height":1000},{"@type":"BreadcrumbList","@id":"https:\/\/city-whisky.ch\/product\/glencairn-glas\/#breadcrumb","itemListElement":[{"@type":"ListItem","position":1,"name":"Start","item":"https:\/\/city-whisky.ch\/"},{"@type":"ListItem","position":2,"name":"Shop","item":"https:\/\/city-whisky.ch\/shop\/"},{"@type":"ListItem","position":3,"name":"Glencairn Glas"}]},{"@type":"WebSite","@id":"https:\/\/city-whisky.ch\/#website","url":"https:\/\/city-whisky.ch\/","name":"city-whisky.ch","description":"Exklusive Whiskys aus aller Welt \u2013 entdecken und geniessen.","publisher":{"@id":"https:\/\/city-whisky.ch\/#organization"},"potentialAction":[{"@type":"SearchAction","target":{"@type":"EntryPoint","urlTemplate":"https:\/\/city-whisky.ch\/?s={search_term_string}"},"query-input":{"@type":"PropertyValueSpecification","valueRequired":true,"valueName":"search_term_string"}}],"inLanguage":"en-GB"},{"@type":"Organization","@id":"https:\/\/city-whisky.ch\/#organization","name":"city-whisky.ch","url":"https:\/\/city-whisky.ch\/","logo":{"@type":"ImageObject","inLanguage":"en-GB","@id":"https:\/\/city-whisky.ch\/#\/schema\/logo\/image\/","url":"https:\/\/city-whisky.ch\/wp-content\/uploads\/2025\/11\/city-whisky-logo_main.webp","contentUrl":"https:\/\/city-whisky.ch\/wp-content\/uploads\/2025\/11\/city-whisky-logo_main.webp","width":512,"height":600,"caption":"city-whisky.ch"},"image":{"@id":"https:\/\/city-whisky.ch\/#\/schema\/logo\/image\/"}}]}},"_links":{"self":[{"href":"https:\/\/city-whisky.ch\/en\/wp-json\/wp\/v2\/product\/16776","targetHints":{"allow":["GET"]}}],"collection":[{"href":"https:\/\/city-whisky.ch\/en\/wp-json\/wp\/v2\/product"}],"about":[{"href":"https:\/\/city-whisky.ch\/en\/wp-json\/wp\/v2\/types\/product"}],"replies":[{"embeddable":true,"href":"https:\/\/city-whisky.ch\/en\/wp-json\/wp\/v2\/comments?post=16776"}],"wp:featuredmedia":[{"embeddable":true,"href":"https:\/\/city-whisky.ch\/en\/wp-json\/wp\/v2\/media\/16777"}],"wp:attachment":[{"href":"https:\/\/city-whisky.ch\/en\/wp-json\/wp\/v2\/media?parent=16776"}],"wp:term":[{"taxonomy":"product_brand","embeddable":true,"href":"https:\/\/city-whisky.ch\/en\/wp-json\/wp\/v2\/product_brand?post=16776"},{"taxonomy":"product_cat","embeddable":true,"href":"https:\/\/city-whisky.ch\/en\/wp-json\/wp\/v2\/product_cat?post=16776"},{"taxonomy":"product_tag","embeddable":true,"href":"https:\/\/city-whisky.ch\/en\/wp-json\/wp\/v2\/product_tag?post=16776"}],"curies":[{"name":"wp","href":"https:\/\/api.w.org\/{rel}","templated":true}]}}