{"id":17012,"date":"2026-03-08T17:03:16","date_gmt":"2026-03-08T17:03:16","guid":{"rendered":"https:\/\/city-whisky.ch\/?post_type=product&#038;p=17012"},"modified":"2026-03-12T13:49:54","modified_gmt":"2026-03-12T13:49:54","slug":"michters-barrel-strength-rye-limited-release","status":"publish","type":"product","link":"https:\/\/city-whisky.ch\/en\/product\/michters-barrel-strength-rye-limited-release\/","title":{"rendered":"Michter&#8217;s Barrel Strength Rye Limited Release"},"content":{"rendered":"<ul>\n<li><strong>Abf\u00fcller:<\/strong> Original (Michter&#8217;s Distillery)<\/li>\n<li><strong>Alter: <\/strong>Bottled: 2025<\/li>\n<li><strong>Alkoholgehalt:<\/strong> 54.9% vol<\/li>\n<li><strong>Inhalt: <\/strong>70cl<\/li>\n<li><strong>Duft: <\/strong>zuerst s\u00fcssliche Roggenaromen, im Hintergrund Noten von Cr\u00e8me br\u00fbl\u00e9e, Eiche und Waldhonig<\/li>\n<li><strong>Geschmack: <\/strong>s\u00fcsslicher, saftiger und w\u00fcrziger Antritt, auf der Zunge kommt der Roggeneinfluss zur Geltung, vollmundiger, cr\u00e9miger Ab- und Nachklang nach Honig und Eiche<\/li>\n<li><strong>Land\/Region:<\/strong> Vereinigte Staaten, Kentucky<\/li>\n<li><strong>Bemerkungen:<\/strong> Kentucky Straight Rye Whiskey; Barrel Nr. L25B0376<\/li>\n<\/ul>","protected":false},"excerpt":{"rendered":"<p>Abf\u00fcller: Original (Michter&#8217;s Distillery) Alter: Bottled: 2025 Alkoholgehalt: 54.9% vol Inhalt: 70cl Duft: zuerst s\u00fcssliche Roggenaromen, im Hintergrund Noten von Cr\u00e8me br\u00fbl\u00e9e, Eiche und Waldhonig Geschmack: s\u00fcsslicher, saftiger und w\u00fcrziger Antritt, auf der Zunge kommt der Roggeneinfluss zur Geltung, vollmundiger, cr\u00e9miger Ab- und Nachklang nach Honig und Eiche Land\/Region: Vereinigte Staaten, Kentucky Bemerkungen: Kentucky Straight&hellip;<\/p>","protected":false},"featured_media":17036,"comment_status":"closed","ping_status":"closed","template":"","meta":[],"product_brand":[],"product_cat":[345,130],"product_tag":[202,204,235],"class_list":{"0":"post-17012","1":"product","2":"type-product","3":"status-publish","4":"has-post-thumbnail","6":"product_cat-neu-eingetroffen","7":"product_cat-vereinigte-staaten","8":"product_tag-kentucky","9":"product_tag-michters","10":"product_tag-straight-rye-whiskey","11":"description-off","13":"first","14":"instock","15":"shipping-taxable","16":"purchasable","17":"product-type-simple"},"yoast_head":"<!-- This site is optimized with the Yoast SEO plugin v26.9 - https:\/\/yoast.com\/product\/yoast-seo-wordpress\/ -->\n<title>Michter&#039;s Barrel Strength Rye Limited Release - city-whisky.ch<\/title>\n<meta name=\"description\" content=\"Michter&#039;s Barrel Strength Rye Limited Release: Kentucky Straight Rye Whiskey; Barrel Nr. L25B0376\" \/>\n<meta name=\"robots\" content=\"index, follow, max-snippet:-1, max-image-preview:large, max-video-preview:-1\" \/>\n<link rel=\"canonical\" href=\"https:\/\/city-whisky.ch\/en\/product\/michters-barrel-strength-rye-limited-release\/\" \/>\n<meta property=\"og:locale\" content=\"en_GB\" \/>\n<meta property=\"og:type\" content=\"article\" \/>\n<meta property=\"og:title\" content=\"Michter&#039;s Barrel Strength Rye Limited Release - city-whisky.ch\" \/>\n<meta property=\"og:description\" content=\"Michter&#039;s Barrel Strength Rye Limited Release: Kentucky Straight Rye Whiskey; Barrel Nr. L25B0376\" \/>\n<meta property=\"og:url\" content=\"https:\/\/city-whisky.ch\/en\/product\/michters-barrel-strength-rye-limited-release\/\" \/>\n<meta property=\"og:site_name\" content=\"city-whisky.ch\" \/>\n<meta property=\"article:modified_time\" content=\"2026-03-12T13:49:54+00:00\" \/>\n<meta property=\"og:image\" content=\"https:\/\/city-whisky.ch\/wp-content\/uploads\/2026\/03\/Michters-Rye.webp\" \/>\n\t<meta property=\"og:image:width\" content=\"667\" \/>\n\t<meta property=\"og:image:height\" content=\"1000\" \/>\n\t<meta property=\"og:image:type\" content=\"image\/webp\" \/>\n<meta name=\"twitter:card\" content=\"summary_large_image\" \/>\n<meta name=\"twitter:label1\" content=\"Estimated reading time\" \/>\n\t<meta name=\"twitter:data1\" content=\"1 minute\" \/>\n<script type=\"application\/ld+json\" class=\"yoast-schema-graph\">{\"@context\":\"https:\/\/schema.org\",\"@graph\":[{\"@type\":\"WebPage\",\"@id\":\"https:\/\/city-whisky.ch\/product\/michters-barrel-strength-rye-limited-release\/\",\"url\":\"https:\/\/city-whisky.ch\/product\/michters-barrel-strength-rye-limited-release\/\",\"name\":\"Michter's Barrel Strength Rye Limited Release - city-whisky.ch\",\"isPartOf\":{\"@id\":\"https:\/\/city-whisky.ch\/#website\"},\"primaryImageOfPage\":{\"@id\":\"https:\/\/city-whisky.ch\/product\/michters-barrel-strength-rye-limited-release\/#primaryimage\"},\"image\":{\"@id\":\"https:\/\/city-whisky.ch\/product\/michters-barrel-strength-rye-limited-release\/#primaryimage\"},\"thumbnailUrl\":\"https:\/\/city-whisky.ch\/wp-content\/uploads\/2026\/03\/Michters-Rye.webp\",\"datePublished\":\"2026-03-08T17:03:16+00:00\",\"dateModified\":\"2026-03-12T13:49:54+00:00\",\"description\":\"Michter's Barrel Strength Rye Limited Release: Kentucky Straight Rye Whiskey; Barrel Nr. L25B0376\",\"breadcrumb\":{\"@id\":\"https:\/\/city-whisky.ch\/product\/michters-barrel-strength-rye-limited-release\/#breadcrumb\"},\"inLanguage\":\"en-GB\",\"potentialAction\":[{\"@type\":\"ReadAction\",\"target\":[\"https:\/\/city-whisky.ch\/product\/michters-barrel-strength-rye-limited-release\/\"]}]},{\"@type\":\"ImageObject\",\"inLanguage\":\"en-GB\",\"@id\":\"https:\/\/city-whisky.ch\/product\/michters-barrel-strength-rye-limited-release\/#primaryimage\",\"url\":\"https:\/\/city-whisky.ch\/wp-content\/uploads\/2026\/03\/Michters-Rye.webp\",\"contentUrl\":\"https:\/\/city-whisky.ch\/wp-content\/uploads\/2026\/03\/Michters-Rye.webp\",\"width\":667,\"height\":1000},{\"@type\":\"BreadcrumbList\",\"@id\":\"https:\/\/city-whisky.ch\/product\/michters-barrel-strength-rye-limited-release\/#breadcrumb\",\"itemListElement\":[{\"@type\":\"ListItem\",\"position\":1,\"name\":\"Start\",\"item\":\"https:\/\/city-whisky.ch\/\"},{\"@type\":\"ListItem\",\"position\":2,\"name\":\"Shop\",\"item\":\"https:\/\/city-whisky.ch\/shop\/\"},{\"@type\":\"ListItem\",\"position\":3,\"name\":\"Michter&#8217;s Barrel Strength Rye Limited Release\"}]},{\"@type\":\"WebSite\",\"@id\":\"https:\/\/city-whisky.ch\/#website\",\"url\":\"https:\/\/city-whisky.ch\/\",\"name\":\"city-whisky.ch\",\"description\":\"Exklusive Whiskys aus aller Welt \u2013 entdecken und geniessen.\",\"publisher\":{\"@id\":\"https:\/\/city-whisky.ch\/#organization\"},\"potentialAction\":[{\"@type\":\"SearchAction\",\"target\":{\"@type\":\"EntryPoint\",\"urlTemplate\":\"https:\/\/city-whisky.ch\/?s={search_term_string}\"},\"query-input\":{\"@type\":\"PropertyValueSpecification\",\"valueRequired\":true,\"valueName\":\"search_term_string\"}}],\"inLanguage\":\"en-GB\"},{\"@type\":\"Organization\",\"@id\":\"https:\/\/city-whisky.ch\/#organization\",\"name\":\"city-whisky.ch\",\"url\":\"https:\/\/city-whisky.ch\/\",\"logo\":{\"@type\":\"ImageObject\",\"inLanguage\":\"en-GB\",\"@id\":\"https:\/\/city-whisky.ch\/#\/schema\/logo\/image\/\",\"url\":\"https:\/\/city-whisky.ch\/wp-content\/uploads\/2025\/11\/city-whisky-logo_main.webp\",\"contentUrl\":\"https:\/\/city-whisky.ch\/wp-content\/uploads\/2025\/11\/city-whisky-logo_main.webp\",\"width\":512,\"height\":600,\"caption\":\"city-whisky.ch\"},\"image\":{\"@id\":\"https:\/\/city-whisky.ch\/#\/schema\/logo\/image\/\"}}]}<\/script>\n<!-- \/ Yoast SEO plugin. -->","yoast_head_json":{"title":"Michter's Barrel Strength Rye Limited Release - city-whisky.ch","description":"Michter's Barrel Strength Rye Limited Release: Kentucky Straight Rye Whiskey; Barrel Nr. L25B0376","robots":{"index":"index","follow":"follow","max-snippet":"max-snippet:-1","max-image-preview":"max-image-preview:large","max-video-preview":"max-video-preview:-1"},"canonical":"https:\/\/city-whisky.ch\/en\/product\/michters-barrel-strength-rye-limited-release\/","og_locale":"en_GB","og_type":"article","og_title":"Michter's Barrel Strength Rye Limited Release - city-whisky.ch","og_description":"Michter's Barrel Strength Rye Limited Release: Kentucky Straight Rye Whiskey; Barrel Nr. L25B0376","og_url":"https:\/\/city-whisky.ch\/en\/product\/michters-barrel-strength-rye-limited-release\/","og_site_name":"city-whisky.ch","article_modified_time":"2026-03-12T13:49:54+00:00","og_image":[{"width":667,"height":1000,"url":"https:\/\/city-whisky.ch\/wp-content\/uploads\/2026\/03\/Michters-Rye.webp","type":"image\/webp"}],"twitter_card":"summary_large_image","twitter_misc":{"Estimated reading time":"1 minute"},"schema":{"@context":"https:\/\/schema.org","@graph":[{"@type":"WebPage","@id":"https:\/\/city-whisky.ch\/product\/michters-barrel-strength-rye-limited-release\/","url":"https:\/\/city-whisky.ch\/product\/michters-barrel-strength-rye-limited-release\/","name":"Michter's Barrel Strength Rye Limited Release - city-whisky.ch","isPartOf":{"@id":"https:\/\/city-whisky.ch\/#website"},"primaryImageOfPage":{"@id":"https:\/\/city-whisky.ch\/product\/michters-barrel-strength-rye-limited-release\/#primaryimage"},"image":{"@id":"https:\/\/city-whisky.ch\/product\/michters-barrel-strength-rye-limited-release\/#primaryimage"},"thumbnailUrl":"https:\/\/city-whisky.ch\/wp-content\/uploads\/2026\/03\/Michters-Rye.webp","datePublished":"2026-03-08T17:03:16+00:00","dateModified":"2026-03-12T13:49:54+00:00","description":"Michter's Barrel Strength Rye Limited Release: Kentucky Straight Rye Whiskey; Barrel Nr. L25B0376","breadcrumb":{"@id":"https:\/\/city-whisky.ch\/product\/michters-barrel-strength-rye-limited-release\/#breadcrumb"},"inLanguage":"en-GB","potentialAction":[{"@type":"ReadAction","target":["https:\/\/city-whisky.ch\/product\/michters-barrel-strength-rye-limited-release\/"]}]},{"@type":"ImageObject","inLanguage":"en-GB","@id":"https:\/\/city-whisky.ch\/product\/michters-barrel-strength-rye-limited-release\/#primaryimage","url":"https:\/\/city-whisky.ch\/wp-content\/uploads\/2026\/03\/Michters-Rye.webp","contentUrl":"https:\/\/city-whisky.ch\/wp-content\/uploads\/2026\/03\/Michters-Rye.webp","width":667,"height":1000},{"@type":"BreadcrumbList","@id":"https:\/\/city-whisky.ch\/product\/michters-barrel-strength-rye-limited-release\/#breadcrumb","itemListElement":[{"@type":"ListItem","position":1,"name":"Start","item":"https:\/\/city-whisky.ch\/"},{"@type":"ListItem","position":2,"name":"Shop","item":"https:\/\/city-whisky.ch\/shop\/"},{"@type":"ListItem","position":3,"name":"Michter&#8217;s Barrel Strength Rye Limited Release"}]},{"@type":"WebSite","@id":"https:\/\/city-whisky.ch\/#website","url":"https:\/\/city-whisky.ch\/","name":"city-whisky.ch","description":"Exklusive Whiskys aus aller Welt \u2013 entdecken und geniessen.","publisher":{"@id":"https:\/\/city-whisky.ch\/#organization"},"potentialAction":[{"@type":"SearchAction","target":{"@type":"EntryPoint","urlTemplate":"https:\/\/city-whisky.ch\/?s={search_term_string}"},"query-input":{"@type":"PropertyValueSpecification","valueRequired":true,"valueName":"search_term_string"}}],"inLanguage":"en-GB"},{"@type":"Organization","@id":"https:\/\/city-whisky.ch\/#organization","name":"city-whisky.ch","url":"https:\/\/city-whisky.ch\/","logo":{"@type":"ImageObject","inLanguage":"en-GB","@id":"https:\/\/city-whisky.ch\/#\/schema\/logo\/image\/","url":"https:\/\/city-whisky.ch\/wp-content\/uploads\/2025\/11\/city-whisky-logo_main.webp","contentUrl":"https:\/\/city-whisky.ch\/wp-content\/uploads\/2025\/11\/city-whisky-logo_main.webp","width":512,"height":600,"caption":"city-whisky.ch"},"image":{"@id":"https:\/\/city-whisky.ch\/#\/schema\/logo\/image\/"}}]}},"_links":{"self":[{"href":"https:\/\/city-whisky.ch\/en\/wp-json\/wp\/v2\/product\/17012","targetHints":{"allow":["GET"]}}],"collection":[{"href":"https:\/\/city-whisky.ch\/en\/wp-json\/wp\/v2\/product"}],"about":[{"href":"https:\/\/city-whisky.ch\/en\/wp-json\/wp\/v2\/types\/product"}],"replies":[{"embeddable":true,"href":"https:\/\/city-whisky.ch\/en\/wp-json\/wp\/v2\/comments?post=17012"}],"wp:featuredmedia":[{"embeddable":true,"href":"https:\/\/city-whisky.ch\/en\/wp-json\/wp\/v2\/media\/17036"}],"wp:attachment":[{"href":"https:\/\/city-whisky.ch\/en\/wp-json\/wp\/v2\/media?parent=17012"}],"wp:term":[{"taxonomy":"product_brand","embeddable":true,"href":"https:\/\/city-whisky.ch\/en\/wp-json\/wp\/v2\/product_brand?post=17012"},{"taxonomy":"product_cat","embeddable":true,"href":"https:\/\/city-whisky.ch\/en\/wp-json\/wp\/v2\/product_cat?post=17012"},{"taxonomy":"product_tag","embeddable":true,"href":"https:\/\/city-whisky.ch\/en\/wp-json\/wp\/v2\/product_tag?post=17012"}],"curies":[{"name":"wp","href":"https:\/\/api.w.org\/{rel}","templated":true}]}}